{"id":36,"date":"2024-05-13T13:51:46","date_gmt":"2024-05-13T11:51:46","guid":{"rendered":"https:\/\/www.lunchbox-a61.de\/?page_id=36"},"modified":"2025-05-10T21:08:29","modified_gmt":"2025-05-10T19:08:29","slug":"startseite","status":"publish","type":"page","link":"https:\/\/www.lunchbox-a61.de\/","title":{"rendered":"Willkommen auf &#8222;Lunchbox A61&#8220;!"},"content":{"rendered":"\n<hr class=\"wp-block-separator aligncenter has-alpha-channel-opacity is-style-wide\"\/>\n\n\n\n<p>Das Team der Lunchbox w\u00fcnscht euch allen einen tollen und erholsamen Muttertag 2025.<\/p>\n\n\n\n<figure class=\"wp-block-image size-large\"><img loading=\"lazy\" decoding=\"async\" width=\"1024\" height=\"768\" src=\"https:\/\/www.lunchbox-a61.de\/wp-content\/uploads\/2025\/05\/IMG_5397-1024x768.jpeg\" alt=\"Muttertag 2025\" class=\"wp-image-628\" srcset=\"https:\/\/www.lunchbox-a61.de\/wp-content\/uploads\/2025\/05\/IMG_5397-1024x768.jpeg 1024w, https:\/\/www.lunchbox-a61.de\/wp-content\/uploads\/2025\/05\/IMG_5397-300x225.jpeg 300w, https:\/\/www.lunchbox-a61.de\/wp-content\/uploads\/2025\/05\/IMG_5397-768x576.jpeg 768w, https:\/\/www.lunchbox-a61.de\/wp-content\/uploads\/2025\/05\/IMG_5397-1536x1152.jpeg 1536w, https:\/\/www.lunchbox-a61.de\/wp-content\/uploads\/2025\/05\/IMG_5397-2048x1536.jpeg 2048w\" sizes=\"auto, (max-width: 1024px) 100vw, 1024px\" \/><\/figure>\n\n\n\n<hr class=\"wp-block-separator has-alpha-channel-opacity is-style-wide\"\/>\n\n\n\n<h4 class=\"wp-block-heading\"><br>Wir starten in den Mai mit kalten Getr\u00e4nken im Angebot:<br>Durstl\u00f6scher, versch. Sorten f\u00fcr 1,00 \u20ac und Mezzo Mix f\u00fcr 1,00\u20ac (+Pfand)!<\/h4>\n\n\n\n<hr class=\"wp-block-separator has-alpha-channel-opacity is-style-wide\"\/>\n\n\n\n<p><strong>Wir w\u00fcnschen allen ein frohes Osterfest!<\/strong><br><img loading=\"lazy\" decoding=\"async\" width=\"400\" height=\"300\" class=\"wp-image-609\" style=\"width: 400px;\" src=\"https:\/\/www.lunchbox-a61.de\/wp-content\/uploads\/2025\/04\/Ostern_2025-scaled.jpeg\" alt=\"Osterhase\" srcset=\"https:\/\/www.lunchbox-a61.de\/wp-content\/uploads\/2025\/04\/Ostern_2025-scaled.jpeg 2560w, https:\/\/www.lunchbox-a61.de\/wp-content\/uploads\/2025\/04\/Ostern_2025-300x225.jpeg 300w, https:\/\/www.lunchbox-a61.de\/wp-content\/uploads\/2025\/04\/Ostern_2025-1024x768.jpeg 1024w, https:\/\/www.lunchbox-a61.de\/wp-content\/uploads\/2025\/04\/Ostern_2025-768x576.jpeg 768w, https:\/\/www.lunchbox-a61.de\/wp-content\/uploads\/2025\/04\/Ostern_2025-1536x1152.jpeg 1536w, https:\/\/www.lunchbox-a61.de\/wp-content\/uploads\/2025\/04\/Ostern_2025-2048x1536.jpeg 2048w\" sizes=\"auto, (max-width: 400px) 100vw, 400px\" \/><\/p>\n\n\n\n<hr class=\"wp-block-separator has-alpha-channel-opacity is-style-wide\"\/>\n\n\n\n<p>Ab sofort bekommst Du bei uns gef\u00fcllte Rettert\u00fcten. Verschiedene Inhalte, je 5\u20ac.<\/p>\n\n\n\n<hr class=\"wp-block-separator has-alpha-channel-opacity is-style-wide\"\/>\n\n\n\n<p>Kartenzahlung<\/p>\n\n\n\n<p>Hallo, ab sofort ist bei uns das bezahlen mit Karte m\u00f6glich.<br>Euer Alex<\/p>\n\n\n\n<hr class=\"wp-block-separator has-alpha-channel-opacity is-style-wide\"\/>\n\n\n\n<p>B\u00fcndelstag<\/p>\n\n\n\n<p>Der B\u00fcndelstag (auch: B\u00fcndelchestag, auf&nbsp;<a href=\"https:\/\/www.bing.com\/search?q=Hunsr%C3%BCckisch%20wikipedia&amp;form=WIKIRE\">Hunsr\u00fcckisch<\/a>: Bindelschesdaach) wird traditionell am 27.12. begannen. Zum Anlass haben wir f\u00fcr Euch kleine Lunchpakete in die Automaten gelegt. Wer also einen kleinen Snack ben\u00f6tigt oder etwas anderes, ist gerne bei uns willkommen.<\/p>\n\n\n\n<hr class=\"wp-block-separator has-alpha-channel-opacity is-style-wide\"\/>\n\n\n\n<p>Hallo und willkommen auf unserer Internetpr\u00e4senz!<br>Sch\u00f6n das Ihr den Weg zu uns gefunden habt.<\/p>\n\n\n\n<p>Unsere ersten vier Automaten des E-Kiosk sind nun an ihrem Bestimmungsort:<\/p>\n\n\n\n<p>Mittelstrasse 47, 56291 Laudert<\/p>\n\n\n\n<p>Schaut einfach mal in die Lunchbox und erfreut euch am Angebot.<\/p>\n\n\n\n<p>Gru\u00df<br>Alex<\/p>\n\n\n\n<p><\/p>\n","protected":false},"excerpt":{"rendered":"<p>Das Team der Lunchbox w\u00fcnscht euch allen einen tollen und erholsamen Muttertag 2025. Wir starten in den Mai mit kalten Getr\u00e4nken im Angebot:Durstl\u00f6scher, versch. Sorten f\u00fcr 1,00 \u20ac und Mezzo &#8230;<\/p>\n","protected":false},"author":1,"featured_media":0,"parent":0,"menu_order":0,"comment_status":"closed","ping_status":"closed","template":"","meta":{"footnotes":""},"class_list":["post-36","page","type-page","status-publish","hentry"],"aioseo_notices":[],"_links":{"self":[{"href":"https:\/\/www.lunchbox-a61.de\/index.php?rest_route=\/wp\/v2\/pages\/36","targetHints":{"allow":["GET"]}}],"collection":[{"href":"https:\/\/www.lunchbox-a61.de\/index.php?rest_route=\/wp\/v2\/pages"}],"about":[{"href":"https:\/\/www.lunchbox-a61.de\/index.php?rest_route=\/wp\/v2\/types\/page"}],"author":[{"embeddable":true,"href":"https:\/\/www.lunchbox-a61.de\/index.php?rest_route=\/wp\/v2\/users\/1"}],"replies":[{"embeddable":true,"href":"https:\/\/www.lunchbox-a61.de\/index.php?rest_route=%2Fwp%2Fv2%2Fcomments&post=36"}],"version-history":[{"count":25,"href":"https:\/\/www.lunchbox-a61.de\/index.php?rest_route=\/wp\/v2\/pages\/36\/revisions"}],"predecessor-version":[{"id":630,"href":"https:\/\/www.lunchbox-a61.de\/index.php?rest_route=\/wp\/v2\/pages\/36\/revisions\/630"}],"wp:attachment":[{"href":"https:\/\/www.lunchbox-a61.de\/index.php?rest_route=%2Fwp%2Fv2%2Fmedia&parent=36"}],"curies":[{"name":"wp","href":"https:\/\/api.w.org\/{rel}","templated":true}]}}